{"id":278,"date":"2021-08-12T18:17:35","date_gmt":"2021-08-12T18:17:35","guid":{"rendered":"http:\/\/silvereventides.com\/?page_id=278"},"modified":"2025-10-29T08:01:27","modified_gmt":"2025-10-29T08:01:27","slug":"inicio","status":"publish","type":"page","link":"https:\/\/silvereventides.com\/","title":{"rendered":"Inicio"},"content":{"rendered":"\n\n\n\n\n\n\n\n\n\n\n\n\n\n\n\n\n\n\nPRODUCCI\u00d3N MUSICAL | CONCEPTUALIZACI\u00d3N ART\u00cdSTICA | GESTI\u00d3N DE PROYECTOS \n\n\n\n\n\n\n\nPromuevo la creaci\u00f3n consciente y fundamentada de proyectos creativos que aporten valor a su entorno a trav\u00e9s de una identidad y concepto s\u00f3lidos para que el o la artista interiorice y comprenda el alcance de su propuesta y lo pueda sostener en el tiempo con covicci\u00f3n y disciplina. Mi trabajo se centra en el proceso de reflexi\u00f3n, investigaci\u00f3n, dise\u00f1o y gesti\u00f3n, orientados al desarrollo art\u00edstico y profesional de m\u00fasicos. \n\n\n\nSoy productor en el sector creativo de la industria musical, licenciado en Interpretaci\u00f3n y Producci\u00f3n Musical, con experiencia en composici\u00f3n, producci\u00f3n y conceptualizaci\u00f3n art\u00edstica, as\u00ed como en planeaci\u00f3n estrat\u00e9gica para proyectos y equipos creativos. Puedo brindar mi experiencia y visi\u00f3n acompa\u00f1\u00e1ndote en tu proceso creativo de manera hol\u00edstica, asegurando que se desarrolle con claridad desde el inicio hasta lograr resultados profesionales, gui\u00e1ndote en hacer realidad tu visi\u00f3n art\u00edstica.\n\n\n\n\n\n\n\nInstagram\n\n\n\nsilvereventides@gmail.com\n\n\n\n\n","protected":false},"excerpt":{"rendered":"<p>PRODUCCI\u00d3N MUSICAL | CONCEPTUALIZACI\u00d3N ART\u00cdSTICA | GESTI\u00d3N DE PROYECTOS Promuevo la creaci\u00f3n consciente y fundamentada de proyectos creativos que aporten valor a su entorno a trav\u00e9s de una identidad y concepto s\u00f3lidos para que el o la artista interiorice y comprenda el alcance de su propuesta y lo pueda sostener en el tiempo con covicci\u00f3n&#8230;<\/p>\n<p><a class=\"moretag\" href=\"https:\/\/silvereventides.com\/\">Read More<\/a><\/p>\n","protected":false},"author":1,"featured_media":0,"parent":0,"menu_order":0,"comment_status":"closed","ping_status":"closed","template":"","meta":{"footnotes":""},"class_list":["post-278","page","type-page","status-publish"],"_links":{"self":[{"href":"https:\/\/silvereventides.com\/index.php\/wp-json\/wp\/v2\/pages\/278","targetHints":{"allow":["GET"]}}],"collection":[{"href":"https:\/\/silvereventides.com\/index.php\/wp-json\/wp\/v2\/pages"}],"about":[{"href":"https:\/\/silvereventides.com\/index.php\/wp-json\/wp\/v2\/types\/page"}],"author":[{"embeddable":true,"href":"https:\/\/silvereventides.com\/index.php\/wp-json\/wp\/v2\/users\/1"}],"replies":[{"embeddable":true,"href":"https:\/\/silvereventides.com\/index.php\/wp-json\/wp\/v2\/comments?post=278"}],"version-history":[{"count":343,"href":"https:\/\/silvereventides.com\/index.php\/wp-json\/wp\/v2\/pages\/278\/revisions"}],"predecessor-version":[{"id":4581,"href":"https:\/\/silvereventides.com\/index.php\/wp-json\/wp\/v2\/pages\/278\/revisions\/4581"}],"wp:attachment":[{"href":"https:\/\/silvereventides.com\/index.php\/wp-json\/wp\/v2\/media?parent=278"}],"curies":[{"name":"wp","href":"https:\/\/api.w.org\/{rel}","templated":true}]}}