{"id":3860,"date":"2023-06-14T04:31:25","date_gmt":"2023-06-14T04:31:25","guid":{"rendered":"https:\/\/silvereventides.com\/?page_id=3860"},"modified":"2025-10-28T19:56:42","modified_gmt":"2025-10-28T19:56:42","slug":"cursos","status":"publish","type":"page","link":"https:\/\/silvereventides.com\/index.php\/cursos\/","title":{"rendered":"Servicios"},"content":{"rendered":"\nSERVICIOS\n\n\n\n\n\n\n\n\n\n\n\n\n\n\n\n\n\nPRODUCCI\u00d3N ART\u00cdSTICA\n\n\n\nAcompa\u00f1amiento hol\u00edstico e integral en el desarrollo y proceso de producci\u00f3n de tu identidad art\u00edstica, desde la conceptualizaci\u00f3n, la composici\u00f3n, la pre, pro y post producci\u00f3n, as\u00ed como estrategias de distribuci\u00f3n y difusi\u00f3n de tu producto art\u00edstico, acompa\u00f1amiento y asesor\u00eda legal y consultor\u00eda, adem\u00e1s de toma de decisiones creativas y acercamiento a contactos del medio.\n\n\n\n\n\n\n\n\n\n\n\n\n\nPRODUCCI\u00d3N MUSICAL\n\n\n\nAcompa\u00f1amiento desarrollo de producci\u00f3n de un proyecto particular, ya sea, \u00e1lbum, EP o sencillo. Se gu\u00eda en el proceso de conceptualizaci\u00f3n, composici\u00f3n, la pre, pro y post producci\u00f3n.\n\n\n\n\n\n\n\n\n\n\n\n\n\nCOMPOSICI\u00d3N\n\n\n\nComposici\u00f3n sobre encargo para giros como stock o contenido digital, o bien, colaborativo para profesionales y multidisciplinarios como cinematogr\u00e1fico, videojuegos, presentaciones esc\u00e9nicas, etc.\n\n\n\n\n\n\n\n\n\n\n\n\n\nGRABACI\u00d3N\n\n\n\nGrabaci\u00f3n particular como cantante, guitarrista, bajista o alg\u00fan otro instrumento solista. Ya sea que traigas tu propia pista o quieras hacer un tracking simple. Ideal para cantantes aficionados, maquetaci\u00f3n, o resultados profesionales sencillos.\n\n\n\n\n\n\n\n\n\n\n\n\n\n\n\n\n\n\n\nLOCUCI\u00d3N Y SPOTS\n\n\n\nGrabaci\u00f3n de locuci\u00f3n y redacci\u00f3n para spots comerciales, particulares, redes sociales, acad\u00e9micos o empresariales. Se trabaja captura, edici\u00f3n y mezcla de tracks de voz para tu contenido.\n\n\n\n\n\n\n\n\n\n\n\n\n\nMEZCLA Y M\u00c1STER\n\n\n\nSe trabajan cuestiones como: balance (volumen y paneo), procesamientos (din\u00e1mica, frecuencia, tiempo y modulaci\u00f3n), creatividad (decisiones creativas), masterizaci\u00f3n y formato objetivo de reproducci\u00f3n. Se valoran las necesidades del solicitante. Se considera estilo, duraci\u00f3n, cantidad y tipo de instrumentos, tanto org\u00e1nicos como digitales.\n\n\n\n\n\n\n\n\n\n\n\n\n\nEDICI\u00d3N\n\n\n\nSe trabajan cuestiones como: organizaci\u00f3n (acomodo y estructura), limpieza (ganancias, ambiente, cortes y fundidos), arreglo (ajuste, sincronizaci\u00f3n y refuerzos), afincaci\u00f3n (voces) y din\u00e1mica (velocity y expresi\u00f3n). Se valoran las necesidades del solicitante. Se considera estilo, duraci\u00f3n, cantidad y tipo de instrumentos tanto org\u00e1nicos como digitales.\n\n\n\n\n\n\n\n\n\n\n\n\n\nTRANSCRIPCI\u00d3N\n\n\n\nTranscripci\u00f3n a partituras o leadsheets de tus canciones y\/o proyectos, tanto score como partichelas.\n\n\n\n\n\n\n\n\n\n\n","protected":false},"excerpt":{"rendered":"<p>SERVICIOS PRODUCCI\u00d3N ART\u00cdSTICA Acompa\u00f1amiento hol\u00edstico e integral en el desarrollo y proceso de producci\u00f3n de tu identidad art\u00edstica, desde la conceptualizaci\u00f3n, la composici\u00f3n, la pre, pro y post producci\u00f3n, as\u00ed como estrategias de distribuci\u00f3n y difusi\u00f3n de tu producto art\u00edstico, acompa\u00f1amiento y asesor\u00eda legal y consultor\u00eda, adem\u00e1s de toma de decisiones creativas y acercamiento a&#8230;<\/p>\n<p><a class=\"moretag\" href=\"https:\/\/silvereventides.com\/index.php\/cursos\/\">Read More<\/a><\/p>\n","protected":false},"author":1,"featured_media":0,"parent":0,"menu_order":0,"comment_status":"closed","ping_status":"closed","template":"","meta":{"footnotes":""},"class_list":["post-3860","page","type-page","status-publish"],"_links":{"self":[{"href":"https:\/\/silvereventides.com\/index.php\/wp-json\/wp\/v2\/pages\/3860","targetHints":{"allow":["GET"]}}],"collection":[{"href":"https:\/\/silvereventides.com\/index.php\/wp-json\/wp\/v2\/pages"}],"about":[{"href":"https:\/\/silvereventides.com\/index.php\/wp-json\/wp\/v2\/types\/page"}],"author":[{"embeddable":true,"href":"https:\/\/silvereventides.com\/index.php\/wp-json\/wp\/v2\/users\/1"}],"replies":[{"embeddable":true,"href":"https:\/\/silvereventides.com\/index.php\/wp-json\/wp\/v2\/comments?post=3860"}],"version-history":[{"count":13,"href":"https:\/\/silvereventides.com\/index.php\/wp-json\/wp\/v2\/pages\/3860\/revisions"}],"predecessor-version":[{"id":4363,"href":"https:\/\/silvereventides.com\/index.php\/wp-json\/wp\/v2\/pages\/3860\/revisions\/4363"}],"wp:attachment":[{"href":"https:\/\/silvereventides.com\/index.php\/wp-json\/wp\/v2\/media?parent=3860"}],"curies":[{"name":"wp","href":"https:\/\/api.w.org\/{rel}","templated":true}]}}